{"id":577,"date":"2010-05-05T15:22:52","date_gmt":"2010-05-05T12:22:52","guid":{"rendered":"http:\/\/revalhansa.ee\/?page_id=577"},"modified":"2014-04-10T13:05:54","modified_gmt":"2014-04-10T10:05:54","slug":"avaleht-soome-keeles","status":"publish","type":"page","link":"https:\/\/revalhansa.ee\/fi\/","title":{"rendered":"Etusivu"},"content":{"rendered":"<p style=\"text-align: justify;\"><strong>Kirjanpidosta liiketoimintasuunnitelmiin<\/strong><\/p>\n<p style=\"text-align: justify;\">RevalHansan tarkoituksena on tehd\u00e4 el\u00e4m\u00e4st\u00e4nne helpompaa. Huolehdimme yrityksenne kirjanpidosta ja varainhoidosta ja olemme apuna liiketoimintasuunnitelmien ja tukihankkeiden laatimisessa. Pystymme pitk\u00e4aikaisen kokemuksemme ansiosta tarjoamaan teille joustavia ja ammattimaisia ratkaisuja.<\/p>\n","protected":false},"excerpt":{"rendered":"<p>Kirjanpidosta liiketoimintasuunnitelmiin RevalHansan tarkoituksena on tehd\u00e4 el\u00e4m\u00e4st\u00e4nne helpompaa. Huolehdimme yrityksenne kirjanpidosta ja varainhoidosta ja olemme apuna liiketoimintasuunnitelmien ja tukihankkeiden laatimisessa. Pystymme pitk\u00e4aikaisen kokemuksemme ansiosta tarjoamaan teille joustavia ja ammattimaisia ratkaisuja.<\/p>\n","protected":false},"author":7,"featured_media":0,"parent":0,"menu_order":0,"comment_status":"closed","ping_status":"closed","template":"altHomePage.php","meta":{"footnotes":""},"class_list":["post-577","page","type-page","status-publish","hentry"],"_links":{"self":[{"href":"https:\/\/revalhansa.ee\/fi\/wp-json\/wp\/v2\/pages\/577","targetHints":{"allow":["GET"]}}],"collection":[{"href":"https:\/\/revalhansa.ee\/fi\/wp-json\/wp\/v2\/pages"}],"about":[{"href":"https:\/\/revalhansa.ee\/fi\/wp-json\/wp\/v2\/types\/page"}],"author":[{"embeddable":true,"href":"https:\/\/revalhansa.ee\/fi\/wp-json\/wp\/v2\/users\/7"}],"replies":[{"embeddable":true,"href":"https:\/\/revalhansa.ee\/fi\/wp-json\/wp\/v2\/comments?post=577"}],"version-history":[{"count":5,"href":"https:\/\/revalhansa.ee\/fi\/wp-json\/wp\/v2\/pages\/577\/revisions"}],"predecessor-version":[{"id":1843,"href":"https:\/\/revalhansa.ee\/fi\/wp-json\/wp\/v2\/pages\/577\/revisions\/1843"}],"wp:attachment":[{"href":"https:\/\/revalhansa.ee\/fi\/wp-json\/wp\/v2\/media?parent=577"}],"curies":[{"name":"wp","href":"https:\/\/api.w.org\/{rel}","templated":true}]}}