{"id":1985,"date":"2011-07-20T01:01:02","date_gmt":"2011-07-19T22:01:02","guid":{"rendered":"http:\/\/revalhansa.ee\/?page_id=1985"},"modified":"2018-10-21T18:30:25","modified_gmt":"2018-10-21T15:30:25","slug":"ajankohtaista-tietoa-viron-verotusjarjestelmasta","status":"publish","type":"page","link":"https:\/\/revalhansa.ee\/fi\/kirjanpitopalvelut\/ajankohtaista-tietoa-viron-verotusjarjestelmasta\/","title":{"rendered":"Ajankohtaista tietoa Viron verotusj\u00e4rjestelm\u00e4st\u00e4"},"content":{"rendered":"<p><span style=\"text-decoration: underline;\">Palkoista peritt\u00e4v\u00e4t maksut<\/span><\/p>\n<ul>\n<li>20% ennakkovero\/l\u00e4hdevero<\/li>\n<li>33% sosiaalivero<\/li>\n<li>0,8% ty\u00f6nantajan ty\u00f6tt\u00f6myysvakuutus palkoista<\/li>\n<li>1,6% ty\u00f6ntekij\u00e4n palkasta pid\u00e4tett\u00e4v\u00e4 ty\u00f6tt\u00f6myysvakuutus<\/li>\n<li>2,0% el\u00e4kevakuutus (vapaaehtoinen)<\/li>\n<li>Veroton kuukausitulo 500 EUR (alkaen 01.01.2018)<\/li>\n<\/ul>\n<p><span style=\"text-decoration: underline;\">Liikevaihdolta<\/span><\/p>\n<ul>\n<li>Arvonlis\u00e4veron m\u00e4\u00e4r\u00e4 on Virossa 20% paitsi\/lukuunottamatta poikkeuksia, \u00a0jotka on s\u00e4\u00e4detty Viron arvonlis\u00e4verosta annetun lain (lyhenne viroksi KMS) 15. pyk\u00e4l\u00e4ss\u00e4.<\/li>\n<\/ul>\n<ul>\n<li>\n<ul>\n<li>Kirjoihin, l\u00e4\u00e4kkeisiin ja majoituspalveluihin sovelletaan 9% arvonlis\u00e4veroa<\/li>\n<li>Viennin ja yhdistyksen sis\u00e4isen liikevaihdon arvonlis\u00e4veron m\u00e4\u00e4r\u00e4 on 0%<\/li>\n<\/ul>\n<\/li>\n<li>Veroton liikevaihto (KMS 16 \u00a7) \u2013 postipalvelut, terveydenhuoltopalvelut, hammashoitopalvelut, vakuutuspalvelut ym. palvelut<\/li>\n<\/ul>\n<p><span style=\"text-decoration: underline;\">Edustuskulut ja erikoisetujen kulut<\/span><\/p>\n<ul>\n<li>Edustuskulujen veroton rajam\u00e4\u00e4r\u00e4 \u00a0&#8211; kumuloituvasti\u00a032 EUR+2% palkkavarauksesta.<\/li>\n<li>Erikoiseduista peritt\u00e4v\u00e4t verot (omiin ty\u00f6ntekij\u00f6ihin kohdistuvat kulut) 20% ennakkovero (nettom\u00e4\u00e4r\u00e4st\u00e4 lasketaan enint\u00e4\u00e4n 20\/80) +33% sosiaalivero.\n<ul>\n<li>Esimerkki: 100 euron erikoisedulta lasketaan ennakkovero 25.00 euroa + 41.25 euron sosiaalivero.<\/li>\n<\/ul>\n<\/li>\n<\/ul>\n<p><span style=\"text-decoration: underline;\">Yritystoiminnassa k\u00e4ytett\u00e4v\u00e4t ajoneuvot<\/span><\/p>\n<ul>\n<li>Jos yrityksen auto on my\u00f6s yksityisess\u00e4 k\u00e4yt\u00f6ss\u00e4, niin erikoisedun verot lasketaan seuraavasti :\n<ul>\n<li>uusi tai max.5v vahna ajoneuvo kW*1,96 ;<\/li>\n<li>yli 5v vanhat ajoneuvot kW*1,47.<\/li>\n<\/ul>\n<\/li>\n<li>Yritys voi maksaa ty\u00f6ntekij\u00e4lle yksityisen auton k\u00e4yt\u00f6st\u00e4 verovapaasti 0,.eur\/km tai 335 eur\/kk.<\/li>\n<\/ul>\n<p><span style=\"text-decoration: underline;\">Osingot<\/span><\/p>\n<ul>\n<li>Osingot verotetaan Virossa 20% ennakkoverolla. Nettom\u00e4\u00e4r\u00e4st\u00e4 lasketaan 20\/80.\n<ul>\n<li>100\u00a0000 euron\u00a0osingolta perit\u00e4\u00e4n 2500.00 euron\u00a0ennakkovero;<\/li>\n<\/ul>\n<\/li>\n<\/ul>\n<p><span style=\"text-decoration: underline;\">Veroj\u00e4rjestelm\u00e4st\u00e4 s\u00e4\u00e4detyn \u00a0lain (lyhenne viroksi MKS) nojalla peritt\u00e4v\u00e4t sakot yms. <\/span><\/p>\n<ul>\n<li>Veroj\u00e4rjestelm\u00e4st\u00e4 s\u00e4\u00e4detyn \u00a0lain nojalla peritt\u00e4vist\u00e4 sakoista, pakkorahoista, koroista verotetaan 20% ennakkovero<\/li>\n<\/ul>\n<p>Huom! T\u00e4ss\u00e4 on kuvattu vain t\u00e4rkeimpi\u00e4 voimassa olevia veroja ja luettelo ei ole lopullinen. Lis\u00e4tietoja verotuksesta saa <a href=\"http:\/\/emta.ee\/index.php?id=14210\" target=\"_blank\">Viron vero- ja tulliviraston<\/a> kotisivulta sek\u00e4 <a href=\"http:\/\/www.riigiteataja.ee\/\" target=\"_blank\">Riigiteataja<\/a> \u2013julkaisun tietokannoista.<\/p>\n","protected":false},"excerpt":{"rendered":"<p>Palkoista peritt\u00e4v\u00e4t maksut 20% ennakkovero\/l\u00e4hdevero 33% sosiaalivero 0,8% ty\u00f6nantajan ty\u00f6tt\u00f6myysvakuutus palkoista 1,6% ty\u00f6ntekij\u00e4n palkasta pid\u00e4tett\u00e4v\u00e4 ty\u00f6tt\u00f6myysvakuutus 2,0% el\u00e4kevakuutus (vapaaehtoinen) Veroton kuukausitulo 500 EUR (alkaen 01.01.2018) Liikevaihdolta Arvonlis\u00e4veron m\u00e4\u00e4r\u00e4 on Virossa 20% paitsi\/lukuunottamatta poikkeuksia, \u00a0jotka on s\u00e4\u00e4detty Viron arvonlis\u00e4verosta annetun lain (lyhenne viroksi KMS) 15. pyk\u00e4l\u00e4ss\u00e4. Kirjoihin, l\u00e4\u00e4kkeisiin ja majoituspalveluihin sovelletaan 9% arvonlis\u00e4veroa Viennin ja yhdistyksen [&hellip;]<\/p>\n","protected":false},"author":3,"featured_media":0,"parent":1614,"menu_order":4,"comment_status":"closed","ping_status":"closed","template":"contactPage.php","meta":{"footnotes":""},"class_list":["post-1985","page","type-page","status-publish","hentry"],"_links":{"self":[{"href":"https:\/\/revalhansa.ee\/fi\/wp-json\/wp\/v2\/pages\/1985","targetHints":{"allow":["GET"]}}],"collection":[{"href":"https:\/\/revalhansa.ee\/fi\/wp-json\/wp\/v2\/pages"}],"about":[{"href":"https:\/\/revalhansa.ee\/fi\/wp-json\/wp\/v2\/types\/page"}],"author":[{"embeddable":true,"href":"https:\/\/revalhansa.ee\/fi\/wp-json\/wp\/v2\/users\/3"}],"replies":[{"embeddable":true,"href":"https:\/\/revalhansa.ee\/fi\/wp-json\/wp\/v2\/comments?post=1985"}],"version-history":[{"count":11,"href":"https:\/\/revalhansa.ee\/fi\/wp-json\/wp\/v2\/pages\/1985\/revisions"}],"predecessor-version":[{"id":2785,"href":"https:\/\/revalhansa.ee\/fi\/wp-json\/wp\/v2\/pages\/1985\/revisions\/2785"}],"up":[{"embeddable":true,"href":"https:\/\/revalhansa.ee\/fi\/wp-json\/wp\/v2\/pages\/1614"}],"wp:attachment":[{"href":"https:\/\/revalhansa.ee\/fi\/wp-json\/wp\/v2\/media?parent=1985"}],"curies":[{"name":"wp","href":"https:\/\/api.w.org\/{rel}","templated":true}]}}