{"id":1640,"date":"2010-12-23T21:57:10","date_gmt":"2010-12-23T19:57:10","guid":{"rendered":"http:\/\/revalhansa.ee\/lisapalvelut\/yrityksen-perustaminen-ja-liiketoiminnan-kaynnistaminen\/"},"modified":"2013-03-15T00:14:14","modified_gmt":"2013-03-14T22:14:14","slug":"yrityksen-perustaminen-ja-liiketoiminnan-kaynnistaminen","status":"publish","type":"page","link":"https:\/\/revalhansa.ee\/fi\/lisapalvelut\/yrityksen-perustaminen-ja-liiketoiminnan-kaynnistaminen\/","title":{"rendered":"Yrityksen perustaminen ja liiketoiminnan k\u00e4ynnist\u00e4minen"},"content":{"rendered":"<h1 style=\"text-align: justify;\"><strong>Yrityksen perustaminen ja liiketoiminnan k\u00e4ynnist\u00e4minen<\/strong><\/h1>\n<p style=\"text-align: justify;\"><strong> <\/strong><\/p>\n<p style=\"text-align: justify;\">Tavanomaisen yrityksen perustaminen on nyky\u00e4\u00e4n helppoa \u2013 nopein mahdollisuus siihen on perustaa yritys Kaupparekisterin yritt\u00e4j\u00e4n palveluportin (<span style=\"text-decoration: underline;\">\u00c4riregistri ettev\u00f5tjaportaal<\/span>) kautta. T\u00e4m\u00e4 edellytt\u00e4\u00e4 yrityksen perustajilta ja hallituksen j\u00e4senilt\u00e4 voimassa olevan henkil\u00f6kortin olemassa oloa.<\/p>\n<p style=\"text-align: justify;\">&nbsp;<\/p>\n<p style=\"text-align: justify;\">Jos kokemusta yrityksen perustamisesta ei ole, tarjoamme neuvontaa yrityksen perustamiseen ja samalla mahdollisuutta yrityksen perustamisasiakirjojen toimittamiseen ja jos mahdollista, peritt\u00e4vien leimaverojen maksamiseen.<\/p>\n<p style=\"text-align: justify;\">&nbsp;<\/p>\n<p style=\"text-align: justify;\">Kun hoidamme perustamisen yhdess\u00e4, voimme heti antaa tietoja ja laatia tarvittaessa toimintasuunnitelman Vero- ja Tullivirastossa pankissa ja muiden yhteisty\u00f6kumppaneiden luona hoidettavien toimien osalta. Teemme omalta osaltamme my\u00f6s tarjouksen kirjanpidon hoitamisen ratkaisemiseen, johon kuuluu my\u00f6s alustava kartoitus yritykselle parhaiten sopivan talousohjelmiston l\u00f6yt\u00e4miseen.<\/p>\n<p style=\"text-align: justify;\">&nbsp;<\/p>\n<p style=\"text-align: justify;\">Kehotamme toimintaansa aloittavaa yritt\u00e4j\u00e4\u00e4 tutustumaan my\u00f6s palveluportissa <span style=\"text-decoration: underline;\">Aktiva.ee<\/span> Toimintansa aloittavalle yritykselle tarkoitettuun ja samannimisen otsikon alta l\u00f6ytyv\u00e4\u00e4n tietopakettiin, johon on ker\u00e4tty paljon hy\u00f6dyllist\u00e4 tietoa.<\/p>\n<p style=\"text-align: justify;\">&nbsp;<\/p>\n<p style=\"text-align: justify;\">Jos yhti\u00f6kumppanit haluavat perustaa rakenteeltaan monimutkaisemman tai muiden erityisehtojen mukaisen (perustamismaksu hoidetaan esimerkiksi apportilla) yrityksen, niin ensin arvoimme yrityksen s\u00e4hk\u00f6isesti perustamisen mahdollisuuksia ja jos se on mahdotonta, laadimme ehdotuksen yrityksen muulla tavoin perustamiseen.<\/p>\n<p style=\"text-align: justify;\">Yhteenvetona voidaan todeta, ett\u00e4 liiketoimintasuunnitelman toteuttaminen edellytt\u00e4\u00e4 yrityksen perustamista. Muiden vaihtoehtojen ja velvollisuuksien osalta lis\u00e4\u00e4mme viittauksia sivun muihin alaotsikkoihin, joihin olisi hyv\u00e4 tutustua:<\/p>\n","protected":false},"excerpt":{"rendered":"<p>Yrityksen perustaminen ja liiketoiminnan k\u00e4ynnist\u00e4minen Tavanomaisen yrityksen perustaminen on nyky\u00e4\u00e4n helppoa \u2013 nopein mahdollisuus siihen on perustaa yritys Kaupparekisterin yritt\u00e4j\u00e4n palveluportin (\u00c4riregistri ettev\u00f5tjaportaal) kautta. T\u00e4m\u00e4 edellytt\u00e4\u00e4 yrityksen perustajilta ja hallituksen j\u00e4senilt\u00e4 voimassa olevan henkil\u00f6kortin olemassa oloa. &nbsp; Jos kokemusta yrityksen perustamisesta ei ole, tarjoamme neuvontaa yrityksen perustamiseen ja samalla mahdollisuutta yrityksen perustamisasiakirjojen toimittamiseen ja jos [&hellip;]<\/p>\n","protected":false},"author":3,"featured_media":0,"parent":1633,"menu_order":3,"comment_status":"open","ping_status":"closed","template":"","meta":{"footnotes":""},"class_list":["post-1640","page","type-page","status-publish","hentry"],"_links":{"self":[{"href":"https:\/\/revalhansa.ee\/fi\/wp-json\/wp\/v2\/pages\/1640","targetHints":{"allow":["GET"]}}],"collection":[{"href":"https:\/\/revalhansa.ee\/fi\/wp-json\/wp\/v2\/pages"}],"about":[{"href":"https:\/\/revalhansa.ee\/fi\/wp-json\/wp\/v2\/types\/page"}],"author":[{"embeddable":true,"href":"https:\/\/revalhansa.ee\/fi\/wp-json\/wp\/v2\/users\/3"}],"replies":[{"embeddable":true,"href":"https:\/\/revalhansa.ee\/fi\/wp-json\/wp\/v2\/comments?post=1640"}],"version-history":[{"count":3,"href":"https:\/\/revalhansa.ee\/fi\/wp-json\/wp\/v2\/pages\/1640\/revisions"}],"predecessor-version":[{"id":2077,"href":"https:\/\/revalhansa.ee\/fi\/wp-json\/wp\/v2\/pages\/1640\/revisions\/2077"}],"up":[{"embeddable":true,"href":"https:\/\/revalhansa.ee\/fi\/wp-json\/wp\/v2\/pages\/1633"}],"wp:attachment":[{"href":"https:\/\/revalhansa.ee\/fi\/wp-json\/wp\/v2\/media?parent=1640"}],"curies":[{"name":"wp","href":"https:\/\/api.w.org\/{rel}","templated":true}]}}