{"id":1636,"date":"2010-12-23T21:52:30","date_gmt":"2010-12-23T19:52:30","guid":{"rendered":"http:\/\/revalhansa.ee\/lisapalvelut\/hallintopalvelut\/"},"modified":"2011-05-17T22:07:57","modified_gmt":"2011-05-17T19:07:57","slug":"hallintopalvelut","status":"publish","type":"page","link":"https:\/\/revalhansa.ee\/fi\/lisapalvelut\/hallintopalvelut\/","title":{"rendered":"Hallintopalvelut"},"content":{"rendered":"<h1 style=\"text-align: justify;\"><strong>Hallintopalvelut<\/strong><\/h1>\n<p style=\"text-align: justify;\">Tarjoamme laajan yhteisty\u00f6kumppaneiden ja asiakaspiirin avulla ratkaisuja muiden erilaisten palveluiden ja tuotteiden osalta \u2013 k\u00e4yntikortteja, laajojen ja vakiomitoista poikkeavien tai erikoismateriaalien tulostus- ja monistuspalveluita. Mainosaineiston painoty\u00f6t ja valmistus.<\/p>\n<p style=\"text-align: justify;\">Edustamme yrityksi\u00e4 my\u00f6s asioinnissa eri virastojen kanssa ja neuvotteluissa.<\/p>\n<p style=\"text-align: justify;\">Jos kiinnostuit ja etsit ratkaisuja t\u00e4ss\u00e4 mainittujen tai mainitsematta j\u00e4\u00e4neiden palveluiden osalta, ota yhteytt\u00e4.<\/p>\n","protected":false},"excerpt":{"rendered":"<p>Hallintopalvelut Tarjoamme laajan yhteisty\u00f6kumppaneiden ja asiakaspiirin avulla ratkaisuja muiden erilaisten palveluiden ja tuotteiden osalta \u2013 k\u00e4yntikortteja, laajojen ja vakiomitoista poikkeavien tai erikoismateriaalien tulostus- ja monistuspalveluita. Mainosaineiston painoty\u00f6t ja valmistus. Edustamme yrityksi\u00e4 my\u00f6s asioinnissa eri virastojen kanssa ja neuvotteluissa. Jos kiinnostuit ja etsit ratkaisuja t\u00e4ss\u00e4 mainittujen tai mainitsematta j\u00e4\u00e4neiden palveluiden osalta, ota yhteytt\u00e4.<\/p>\n","protected":false},"author":3,"featured_media":0,"parent":1633,"menu_order":1,"comment_status":"open","ping_status":"closed","template":"","meta":{"footnotes":""},"class_list":["post-1636","page","type-page","status-publish","hentry"],"_links":{"self":[{"href":"https:\/\/revalhansa.ee\/fi\/wp-json\/wp\/v2\/pages\/1636","targetHints":{"allow":["GET"]}}],"collection":[{"href":"https:\/\/revalhansa.ee\/fi\/wp-json\/wp\/v2\/pages"}],"about":[{"href":"https:\/\/revalhansa.ee\/fi\/wp-json\/wp\/v2\/types\/page"}],"author":[{"embeddable":true,"href":"https:\/\/revalhansa.ee\/fi\/wp-json\/wp\/v2\/users\/3"}],"replies":[{"embeddable":true,"href":"https:\/\/revalhansa.ee\/fi\/wp-json\/wp\/v2\/comments?post=1636"}],"version-history":[{"count":1,"href":"https:\/\/revalhansa.ee\/fi\/wp-json\/wp\/v2\/pages\/1636\/revisions"}],"predecessor-version":[{"id":1806,"href":"https:\/\/revalhansa.ee\/fi\/wp-json\/wp\/v2\/pages\/1636\/revisions\/1806"}],"up":[{"embeddable":true,"href":"https:\/\/revalhansa.ee\/fi\/wp-json\/wp\/v2\/pages\/1633"}],"wp:attachment":[{"href":"https:\/\/revalhansa.ee\/fi\/wp-json\/wp\/v2\/media?parent=1636"}],"curies":[{"name":"wp","href":"https:\/\/api.w.org\/{rel}","templated":true}]}}