{"id":1633,"date":"2010-12-23T21:49:47","date_gmt":"2010-12-23T19:49:47","guid":{"rendered":"http:\/\/revalhansa.ee\/lisapalvelut\/"},"modified":"2011-05-17T22:05:15","modified_gmt":"2011-05-17T19:05:15","slug":"lisapalvelut","status":"publish","type":"page","link":"https:\/\/revalhansa.ee\/fi\/lisapalvelut\/","title":{"rendered":"Lis\u00e4palvelut"},"content":{"rendered":"<h1 style=\"text-align: justify;\"><strong>Lis\u00e4palvelut<\/strong><\/h1>\n<p style=\"text-align: justify;\">Yritt\u00e4j\u00e4n on kirjanpidon ja varainhoidon lis\u00e4ksi usein hoidettavana my\u00f6s monenlaisia muita kertaluonteisia tai s\u00e4\u00e4nn\u00f6llisesti tarvittavia sivuteht\u00e4vi\u00e4, joihin kuluu aikaa ja jotka h\u00e4iritsev\u00e4t keskittymist\u00e4 p\u00e4\u00e4toimialaan. Siksi tarjoamme peruspalvelujemme lis\u00e4ksi my\u00f6s muita lis\u00e4palveluja, mm.:<\/p>\n<ul style=\"text-align: justify;\">\n<li>erilaisia hallinto- ja toimistopalveluja;<\/li>\n<li>osoite- ja postilaatikkopalveluja;<\/li>\n<li>yritysten perustamis- ja liiketoiminnan k\u00e4ynnist\u00e4misen palveluja;<\/li>\n<li>k\u00e4\u00e4nn\u00f6spalveluja;<\/li>\n<li>juridista neuvontaa;<\/li>\n<li>ulkomaisen yritt\u00e4j\u00e4n edustamiseen liittyvien teht\u00e4vien hoitamista<\/li>\n<\/ul>\n<p style=\"text-align: justify;\">T\u00e4rkeimmist\u00e4 palveluista saatte lis\u00e4tietoa \u201eLis\u00e4palveluiden\u201c otsikon alla olevalta sivulta. Jos haluatte k\u00e4ytt\u00e4\u00e4 palveluita tai teill\u00e4 on kysytt\u00e4v\u00e4\u00e4 niiden osalta, ottakaa yhteytt\u00e4.<\/p>\n","protected":false},"excerpt":{"rendered":"<p>Lis\u00e4palvelut Yritt\u00e4j\u00e4n on kirjanpidon ja varainhoidon lis\u00e4ksi usein hoidettavana my\u00f6s monenlaisia muita kertaluonteisia tai s\u00e4\u00e4nn\u00f6llisesti tarvittavia sivuteht\u00e4vi\u00e4, joihin kuluu aikaa ja jotka h\u00e4iritsev\u00e4t keskittymist\u00e4 p\u00e4\u00e4toimialaan. Siksi tarjoamme peruspalvelujemme lis\u00e4ksi my\u00f6s muita lis\u00e4palveluja, mm.: erilaisia hallinto- ja toimistopalveluja; osoite- ja postilaatikkopalveluja; yritysten perustamis- ja liiketoiminnan k\u00e4ynnist\u00e4misen palveluja; k\u00e4\u00e4nn\u00f6spalveluja; juridista neuvontaa; ulkomaisen yritt\u00e4j\u00e4n edustamiseen liittyvien teht\u00e4vien hoitamista [&hellip;]<\/p>\n","protected":false},"author":3,"featured_media":0,"parent":0,"menu_order":7,"comment_status":"closed","ping_status":"closed","template":"","meta":{"footnotes":""},"class_list":["post-1633","page","type-page","status-publish","hentry"],"_links":{"self":[{"href":"https:\/\/revalhansa.ee\/fi\/wp-json\/wp\/v2\/pages\/1633","targetHints":{"allow":["GET"]}}],"collection":[{"href":"https:\/\/revalhansa.ee\/fi\/wp-json\/wp\/v2\/pages"}],"about":[{"href":"https:\/\/revalhansa.ee\/fi\/wp-json\/wp\/v2\/types\/page"}],"author":[{"embeddable":true,"href":"https:\/\/revalhansa.ee\/fi\/wp-json\/wp\/v2\/users\/3"}],"replies":[{"embeddable":true,"href":"https:\/\/revalhansa.ee\/fi\/wp-json\/wp\/v2\/comments?post=1633"}],"version-history":[{"count":1,"href":"https:\/\/revalhansa.ee\/fi\/wp-json\/wp\/v2\/pages\/1633\/revisions"}],"predecessor-version":[{"id":1800,"href":"https:\/\/revalhansa.ee\/fi\/wp-json\/wp\/v2\/pages\/1633\/revisions\/1800"}],"wp:attachment":[{"href":"https:\/\/revalhansa.ee\/fi\/wp-json\/wp\/v2\/media?parent=1633"}],"curies":[{"name":"wp","href":"https:\/\/api.w.org\/{rel}","templated":true}]}}