{"id":1630,"date":"2010-12-23T21:47:35","date_gmt":"2010-12-23T19:47:35","guid":{"rendered":"http:\/\/revalhansa.ee\/liiketoimintasuunnitelma\/liiketoimintasuunnitelma\/"},"modified":"2013-03-15T00:08:40","modified_gmt":"2013-03-14T22:08:40","slug":"liiketoimintasuunnitelma","status":"publish","type":"page","link":"https:\/\/revalhansa.ee\/fi\/liiketoimintasuunnitelma\/liiketoimintasuunnitelma\/","title":{"rendered":"Liiketoimintasuunnitelma"},"content":{"rendered":"<h1 style=\"text-align: justify;\"><strong>Liiketoimintasuunnitelma<\/strong><\/h1>\n<p style=\"text-align: justify;\">Jokaisella yrityksell\u00e4 on oma liiketoimintasuunnitelma. T\u00e4m\u00e4 suunnitelma on usein ja erityisesti pienyritysten kohdalla vain jonkun p\u00e4\u00e4ss\u00e4. Kirjallisesti laaditun liiketoimintasuunnitelman tarpeellisuus ilmenee usein vasta siin\u00e4 tilanteessa, jossa yritys haluaa hakea luottolaitoksilta tai uusilta ja olemassa olevilta sijoittajilta lis\u00e4rahoitusta tai jos lis\u00e4varoja haetaan tukitoimien kautta.<\/p>\n<p style=\"text-align: justify;\">Olemme vuosien aikana laatineet eritasoisia ja eri toimialojen liiketoimintasuunnitelmia.<\/p>\n<p style=\"text-align: justify;\">Jos tarvitsette liiketoimintasuunnitelman, pyyd\u00e4mme ottamaan yhteytt\u00e4, jotta voisimme yhdess\u00e4 pohtia asiaa ja l\u00f6yt\u00e4\u00e4 parhaat ratkaisut.<\/p>\n<p style=\"text-align: justify;\">Hy\u00f6dyllisi\u00e4 lis\u00e4tietoja liiketoimintasuunnitelman laatimiseen saa yritt\u00e4j\u00e4n palveluportista aktiva.ee.<\/p>\n","protected":false},"excerpt":{"rendered":"<p>Liiketoimintasuunnitelma Jokaisella yrityksell\u00e4 on oma liiketoimintasuunnitelma. T\u00e4m\u00e4 suunnitelma on usein ja erityisesti pienyritysten kohdalla vain jonkun p\u00e4\u00e4ss\u00e4. Kirjallisesti laaditun liiketoimintasuunnitelman tarpeellisuus ilmenee usein vasta siin\u00e4 tilanteessa, jossa yritys haluaa hakea luottolaitoksilta tai uusilta ja olemassa olevilta sijoittajilta lis\u00e4rahoitusta tai jos lis\u00e4varoja haetaan tukitoimien kautta. Olemme vuosien aikana laatineet eritasoisia ja eri toimialojen liiketoimintasuunnitelmia. Jos tarvitsette [&hellip;]<\/p>\n","protected":false},"author":3,"featured_media":0,"parent":1629,"menu_order":0,"comment_status":"open","ping_status":"closed","template":"","meta":{"footnotes":""},"class_list":["post-1630","page","type-page","status-publish","hentry"],"_links":{"self":[{"href":"https:\/\/revalhansa.ee\/fi\/wp-json\/wp\/v2\/pages\/1630","targetHints":{"allow":["GET"]}}],"collection":[{"href":"https:\/\/revalhansa.ee\/fi\/wp-json\/wp\/v2\/pages"}],"about":[{"href":"https:\/\/revalhansa.ee\/fi\/wp-json\/wp\/v2\/types\/page"}],"author":[{"embeddable":true,"href":"https:\/\/revalhansa.ee\/fi\/wp-json\/wp\/v2\/users\/3"}],"replies":[{"embeddable":true,"href":"https:\/\/revalhansa.ee\/fi\/wp-json\/wp\/v2\/comments?post=1630"}],"version-history":[{"count":3,"href":"https:\/\/revalhansa.ee\/fi\/wp-json\/wp\/v2\/pages\/1630\/revisions"}],"predecessor-version":[{"id":2073,"href":"https:\/\/revalhansa.ee\/fi\/wp-json\/wp\/v2\/pages\/1630\/revisions\/2073"}],"up":[{"embeddable":true,"href":"https:\/\/revalhansa.ee\/fi\/wp-json\/wp\/v2\/pages\/1629"}],"wp:attachment":[{"href":"https:\/\/revalhansa.ee\/fi\/wp-json\/wp\/v2\/media?parent=1630"}],"curies":[{"name":"wp","href":"https:\/\/api.w.org\/{rel}","templated":true}]}}