{"id":1625,"date":"2010-12-23T21:41:04","date_gmt":"2010-12-23T19:41:04","guid":{"rendered":"http:\/\/revalhansa.ee\/tukien-hakeminen\/tukien-hakeminen\/"},"modified":"2011-05-17T22:02:57","modified_gmt":"2011-05-17T19:02:57","slug":"tukien-hakeminen","status":"publish","type":"page","link":"https:\/\/revalhansa.ee\/fi\/tukien-hakeminen\/tukien-hakeminen\/","title":{"rendered":"Tukien hakeminen"},"content":{"rendered":"<h1 style=\"text-align: justify;\"><strong>Tukien hakeminen<\/strong><\/h1>\n<p style=\"text-align: justify;\">RevalHansa avustaa teit\u00e4 my\u00f6s erilaisten tukien hankkimisessa. Tarjoamme sopimuksen mukaan joko t\u00e4yspalvelua, joka kattaa koko hankintaprosessin hallinnan, mm. liiketoimintasuunnitelman ja hankeasiakirjojen laatimisen, mutta my\u00f6s osittaisen konsultointipalvelun, jossa tuemme ja analysoimme koko prosessin sovittuja osa-alueita.<\/p>\n<p style=\"text-align: justify;\">Ennen hankkeiden k\u00e4ynnist\u00e4mist\u00e4 analysoimme perusteellisesti yrityksen liiketoimintasuunnitelmaa ja siihen sovellettavia mahdollisia tukitoimia, asioimme tukia my\u00f6nt\u00e4vien tahojen kanssa (EAS, PRIA ym.) ja otamme asiakkaan etujen mukaisesti hoidettavaksemme vain todenn\u00e4k\u00f6isesti toteutuskelpoisia ja tukitoimiin liittyvi\u00e4 hankkeita. Voimme tyytyv\u00e4isin\u00e4 todeta, ett\u00e4 rahoitus on my\u00f6nnetty melkein kaikille meid\u00e4n tukemille hankkeille.<\/p>\n<p style=\"text-align: justify;\">Asiakkaiden kannalta my\u00f6nteisi\u00e4 tukip\u00e4\u00e4t\u00f6ksi\u00e4 on t\u00e4m\u00e4n hetken tiedoilla annettu runsaan 600 000 euron arvosta.<\/p>\n","protected":false},"excerpt":{"rendered":"<p>Tukien hakeminen RevalHansa avustaa teit\u00e4 my\u00f6s erilaisten tukien hankkimisessa. Tarjoamme sopimuksen mukaan joko t\u00e4yspalvelua, joka kattaa koko hankintaprosessin hallinnan, mm. liiketoimintasuunnitelman ja hankeasiakirjojen laatimisen, mutta my\u00f6s osittaisen konsultointipalvelun, jossa tuemme ja analysoimme koko prosessin sovittuja osa-alueita. Ennen hankkeiden k\u00e4ynnist\u00e4mist\u00e4 analysoimme perusteellisesti yrityksen liiketoimintasuunnitelmaa ja siihen sovellettavia mahdollisia tukitoimia, asioimme tukia my\u00f6nt\u00e4vien tahojen kanssa (EAS, PRIA [&hellip;]<\/p>\n","protected":false},"author":3,"featured_media":0,"parent":1624,"menu_order":0,"comment_status":"closed","ping_status":"closed","template":"","meta":{"footnotes":""},"class_list":["post-1625","page","type-page","status-publish","hentry"],"_links":{"self":[{"href":"https:\/\/revalhansa.ee\/fi\/wp-json\/wp\/v2\/pages\/1625","targetHints":{"allow":["GET"]}}],"collection":[{"href":"https:\/\/revalhansa.ee\/fi\/wp-json\/wp\/v2\/pages"}],"about":[{"href":"https:\/\/revalhansa.ee\/fi\/wp-json\/wp\/v2\/types\/page"}],"author":[{"embeddable":true,"href":"https:\/\/revalhansa.ee\/fi\/wp-json\/wp\/v2\/users\/3"}],"replies":[{"embeddable":true,"href":"https:\/\/revalhansa.ee\/fi\/wp-json\/wp\/v2\/comments?post=1625"}],"version-history":[{"count":2,"href":"https:\/\/revalhansa.ee\/fi\/wp-json\/wp\/v2\/pages\/1625\/revisions"}],"predecessor-version":[{"id":1626,"href":"https:\/\/revalhansa.ee\/fi\/wp-json\/wp\/v2\/pages\/1625\/revisions\/1626"}],"up":[{"embeddable":true,"href":"https:\/\/revalhansa.ee\/fi\/wp-json\/wp\/v2\/pages\/1624"}],"wp:attachment":[{"href":"https:\/\/revalhansa.ee\/fi\/wp-json\/wp\/v2\/media?parent=1625"}],"curies":[{"name":"wp","href":"https:\/\/api.w.org\/{rel}","templated":true}]}}