{"id":1621,"date":"2010-12-23T21:37:45","date_gmt":"2010-12-23T19:37:45","guid":{"rendered":"http:\/\/revalhansa.ee\/varainhoitopalvelut\/varainhoitopalvelut\/"},"modified":"2011-06-14T17:31:14","modified_gmt":"2011-06-14T14:31:14","slug":"varainhoitopalvelut","status":"publish","type":"page","link":"https:\/\/revalhansa.ee\/fi\/varainhoito\/varainhoitopalvelut\/","title":{"rendered":"Varainhoitopalvelut"},"content":{"rendered":"<h1 style=\"text-align: justify;\"><strong>Varainhoitopalvelut<\/strong><\/h1>\n<p style=\"text-align: justify;\">Yleisesti ottaen voidaan todeta, ett\u00e4 kun kirjanpito antaa riitt\u00e4v\u00e4n kattavan kuvan menneest\u00e4 ja t\u00e4st\u00e4 hetkest\u00e4, niin varainhoito luo silm\u00e4yksen tulevaisuuteen. Yht\u00e4 lailla on tiedossa, ett\u00e4 rahoitusp\u00e4\u00e4llik\u00f6n teht\u00e4v\u00e4t ovat eri yrityksiss\u00e4 hyvin erilaisia. Kirjanpito- ja hyvin usein my\u00f6s atk-yksikk\u00f6 toimivat yleens\u00e4 rahoitusp\u00e4\u00e4llik\u00f6n alaisuudessa. Me olemme jakaneet tarjottavan palvelun kolmeen osaan.<\/p>\n<p style=\"text-align: justify;\"><span style=\"text-decoration: underline;\">Varainhoito s\u00e4\u00e4nn\u00f6llisen\u00e4 palveluna<\/span><\/p>\n<p style=\"text-align: justify;\">Rahoitusp\u00e4\u00e4llik\u00f6n ja\/tai p\u00e4\u00e4kirjanpit\u00e4j\u00e4n ty\u00f6teht\u00e4vien hoitaminen<\/p>\n<p style=\"text-align: justify;\"><span style=\"text-decoration: underline;\">Luotonvalvonnan teht\u00e4v\u00e4n hoitaminen<\/span><\/p>\n<p style=\"text-align: justify;\">T\u00e4m\u00e4 teht\u00e4v\u00e4 on yleens\u00e4 liitetty kirjanpitopalveluihin. Tavanomaisiin teht\u00e4viin kuuluvat Asiakkaan myyntilaskujen ajoissa maksamisen seuranta, raporttien laatiminen johdolle, maksukehotusten l\u00e4hett\u00e4minen sek\u00e4 tarvittaessa viiv\u00e4styskorkolaskujen laatiminen ja toimittaminen.<\/p>\n<p style=\"text-align: justify;\">Luokittelemme t\u00e4h\u00e4n palveluun my\u00f6s reklamaatioiden ja muun kirjeenvaihdon laatimisen Asiakkaan nimiss\u00e4 sek\u00e4 <span style=\"text-decoration: underline;\">maksum\u00e4\u00e4r\u00e4yksen pikak\u00e4sittelyn<\/span> hakemuksen laatimisen (linkki: http:\/\/www.just.ee\/maksek2sumenetlus)<\/p>\n<p style=\"text-align: justify;\"><span style=\"text-decoration: underline;\">Varainhoito projektipohjaisena<\/span><\/p>\n<ul style=\"text-align: justify;\">\n<li>\u00b7\u00a0\u00a0\u00a0\u00a0\u00a0\u00a0\u00a0 Liike- ja rahoitussuunnitelmien laatiminen<\/li>\n<li>\u00b7\u00a0\u00a0\u00a0\u00a0\u00a0\u00a0\u00a0 Rahoitusneuvonta<\/li>\n<li>\u00b7\u00a0\u00a0\u00a0\u00a0\u00a0\u00a0\u00a0 Yritysten t\u00e4h\u00e4nastisen liiketoiminnan rahoitusanalyysit<\/li>\n<li>\u00b7\u00a0\u00a0\u00a0\u00a0\u00a0\u00a0\u00a0 Yrityksen saneeraussuunnitelmien laatiminen<\/li>\n<li>\u00b7\u00a0\u00a0\u00a0\u00a0\u00a0\u00a0\u00a0 Yrityksen tulevien investointien analyysi ja kannattavuuslaskelmat<\/li>\n<li style=\"text-align: justify;\">Aikaisemmin toteutettujen liiketoimintasuunnitelmien analysointi<\/li>\n<\/ul>\n","protected":false},"excerpt":{"rendered":"<p>Varainhoitopalvelut Yleisesti ottaen voidaan todeta, ett\u00e4 kun kirjanpito antaa riitt\u00e4v\u00e4n kattavan kuvan menneest\u00e4 ja t\u00e4st\u00e4 hetkest\u00e4, niin varainhoito luo silm\u00e4yksen tulevaisuuteen. Yht\u00e4 lailla on tiedossa, ett\u00e4 rahoitusp\u00e4\u00e4llik\u00f6n teht\u00e4v\u00e4t ovat eri yrityksiss\u00e4 hyvin erilaisia. Kirjanpito- ja hyvin usein my\u00f6s atk-yksikk\u00f6 toimivat yleens\u00e4 rahoitusp\u00e4\u00e4llik\u00f6n alaisuudessa. Me olemme jakaneet tarjottavan palvelun kolmeen osaan. Varainhoito s\u00e4\u00e4nn\u00f6llisen\u00e4 palveluna Rahoitusp\u00e4\u00e4llik\u00f6n ja\/tai [&hellip;]<\/p>\n","protected":false},"author":3,"featured_media":0,"parent":1619,"menu_order":1,"comment_status":"closed","ping_status":"closed","template":"","meta":{"footnotes":""},"class_list":["post-1621","page","type-page","status-publish","hentry"],"_links":{"self":[{"href":"https:\/\/revalhansa.ee\/fi\/wp-json\/wp\/v2\/pages\/1621","targetHints":{"allow":["GET"]}}],"collection":[{"href":"https:\/\/revalhansa.ee\/fi\/wp-json\/wp\/v2\/pages"}],"about":[{"href":"https:\/\/revalhansa.ee\/fi\/wp-json\/wp\/v2\/types\/page"}],"author":[{"embeddable":true,"href":"https:\/\/revalhansa.ee\/fi\/wp-json\/wp\/v2\/users\/3"}],"replies":[{"embeddable":true,"href":"https:\/\/revalhansa.ee\/fi\/wp-json\/wp\/v2\/comments?post=1621"}],"version-history":[{"count":2,"href":"https:\/\/revalhansa.ee\/fi\/wp-json\/wp\/v2\/pages\/1621\/revisions"}],"predecessor-version":[{"id":1821,"href":"https:\/\/revalhansa.ee\/fi\/wp-json\/wp\/v2\/pages\/1621\/revisions\/1821"}],"up":[{"embeddable":true,"href":"https:\/\/revalhansa.ee\/fi\/wp-json\/wp\/v2\/pages\/1619"}],"wp:attachment":[{"href":"https:\/\/revalhansa.ee\/fi\/wp-json\/wp\/v2\/media?parent=1621"}],"curies":[{"name":"wp","href":"https:\/\/api.w.org\/{rel}","templated":true}]}}