{"id":1614,"date":"2010-12-23T21:33:25","date_gmt":"2010-12-23T19:33:25","guid":{"rendered":"http:\/\/revalhansa.ee\/?page_id=1614"},"modified":"2013-03-14T23:59:16","modified_gmt":"2013-03-14T21:59:16","slug":"kirjanpitopalvelut","status":"publish","type":"page","link":"https:\/\/revalhansa.ee\/fi\/kirjanpitopalvelut\/","title":{"rendered":"Kirjanpitopalvelut"},"content":{"rendered":"<p style=\"text-align: justify;\"><strong>Kirjanpitopalvelut pienille ja toimintansa aloittaville yrityksille<\/strong><\/p>\n<p style=\"text-align: justify;\">Perinteinen palvelu on tarkoitettu ensisijaisesti pienemmille yrityksille, joiden kirjanpidon j\u00e4rjest\u00e4minen vaatii v\u00e4hemm\u00e4n kuin yhden kirjanpit\u00e4j\u00e4n ty\u00f6panoksen ja palvelun avulla saadaan n\u00e4in merkitt\u00e4v\u00e4\u00e4 s\u00e4\u00e4st\u00f6\u00e4. Kirjanpito hoidetaan yleens\u00e4 palvelun tarjoavassa yrityksess\u00e4. Yritys kokoaa tietyn aikav\u00e4lin kirjanpitoasiakirjat ja toimittaa ne Kirjanpit\u00e4j\u00e4lle. Kirjanpit\u00e4j\u00e4 k\u00e4sittelee saamansa asiakirjat ja laatii Asiakkaan kanssa sovitun mukaisesti sen aikav\u00e4lin raportit yritykselle, Verovirastolle ym. osapuolille. Kirjanpit\u00e4j\u00e4 hoitaa asiakkaan pyynn\u00f6st\u00e4 my\u00f6s maksusuoritukset sek\u00e4 muita kirjanpitoon ja rahoitustoimintaan liittyvi\u00e4 teht\u00e4vi\u00e4.<\/p>\n<p style=\"text-align: justify;\"><strong>Ratkaisut isommille yrityksille<\/strong><\/p>\n<p style=\"text-align: justify;\">Isommatkin yritykset alkavat v\u00e4hitellen vakuuttua, ett\u00e4 kirjanpidon ulkoistaminen voisi olla my\u00f6s ison yrityksen kannalta hyv\u00e4 ratkaisu. T\u00e4h\u00e4n tarvitaan vain ajattelutavan muutos. Kysymysh\u00e4n on ensisijaisesti vaivattomuudesta. On tosin hyv\u00e4, jos kirjanpit\u00e4j\u00e4 on kaiken aikaa k\u00e4ytett\u00e4viss\u00e4 \u2013 h\u00e4n on jatkuvasti paikalla laatimassa raportteja, osallistumassa palavereihin jne., mutta kuinka tehokasta sellainen j\u00e4rjestely on? Ty\u00f6paikkakulut, kuukausittaiset palkkakustannukset, p\u00e4tev\u00e4n ty\u00f6ntekij\u00e4n hakemisen ja ty\u00f6ntekij\u00e4n viihtyvyyden varmistamisen ongelmat \u2013 voiko kaiken t\u00e4m\u00e4n hoitaa my\u00f6skin toisin? Jos kirjanpito ei ole yrityksen p\u00e4\u00e4toimiala, niin ehk\u00e4p\u00e4 olisi parasta\u2026 Jatkuvasti suosiotaan kasvattava kirjanpidon ulkoistaminen on varma tapa kirjanpitokulujen v\u00e4hent\u00e4miseen, mutta kirjanpidon tasosta ei tingit\u00e4. Ehk\u00e4p\u00e4 tingit\u00e4\u00e4n vain vaivattomuudesta. Mutta integroidut, internetin kautta toimivat tietoj\u00e4rjestelm\u00e4ratkaisut pit\u00e4v\u00e4t senkin v\u00e4h\u00e4isen ongelman kurissa. Voidaan my\u00f6s ulkoistaa vain osa yrityksen kirjanpidosta \u2013 antaen mm. p\u00e4\u00e4kirjanpit\u00e4j\u00e4n ty\u00f6teht\u00e4v\u00e4t tai tietyt kirjanpitoon kuuluvat osiot (esim. myyntireskontra) RevalHansan hoidettavaksi. T\u00e4ss\u00e4kin voidaan soveltaa t\u00e4yspalvelua eli koko yrityksen kirjanpidon ulkoistamista, joka mahdollista vain omaan p\u00e4\u00e4toimialaan keskittymisen.<\/p>\n<p style=\"text-align: justify;\"><strong>Ohjelmisto<\/strong><\/p>\n<p style=\"text-align: justify;\">T\u00e4rkein kriteeri Asiakkaan kirjanpidon j\u00e4rjest\u00e4miseen k\u00e4ytett\u00e4v\u00e4n ohjelmiston valinnassa on liiketoiminnan luonne. Kirjanpito j\u00e4rjestet\u00e4\u00e4n p\u00e4\u00e4asiassa HansaRaamassa, joka on osoittautunut j\u00e4rkev\u00e4ksi ratkaisuksi niin hintansa kuin laatunsakin osalta. Yrityksen toiminnan analysoimiseen voidaan tarpeen mukaan laatia erilaisia raportteja. Kaikki raportit voidaan my\u00f6s siirt\u00e4\u00e4 vaikka Windows Exceliin. HansaRaama mahdollistaa my\u00f6s palveluiden tarjoamisen ja p\u00e4\u00e4syn ohjelmaan internetin kautta. Usean meid\u00e4n asiakkaamme taloushallinto on j\u00e4rjestetty Directo -nimisen kotimaisen internetpohjaisen ohjelmiston avulla.<\/p>\n<p style=\"text-align: justify;\">Palkkalaskennan hoitamisessa on kokemustemme mukaan paras ratkaisu Taavi Palk-ohjelmisto.<\/p>\n<p style=\"text-align: justify;\"><strong>Ratkaisut internetin kautta<\/strong><\/p>\n<p style=\"text-align: justify;\">Tarjoamme huhtikuusta 2004 alkaen kirjanpitopalveluja my\u00f6s internetin kautta. Yhteisty\u00f6ss\u00e4 asiakkaan kanssa ovat valmistuneet erilaiset integroidut ratkaisut yksinkertaisista raporttien katseluoikeuksista kokonaisvaltaisiin ratkaisuihin, joissa asiakas laatii itse myyntilaskut ja me sy\u00f6t\u00e4mme ostolaskuja, tilille tehtyj\u00e4 suorituksia ja maksusuorituksia koskevat tiedot sek\u00e4 laadimme raportit ja laskemme verot ja laadimme vaadittavat veroilmoitukset.<\/p>\n<p style=\"text-align: justify;\">Internetin kautta toimivat ratkaisut ovat k\u00e4yt\u00e4nn\u00f6ss\u00e4 kaikissa tapauksissa luoneet koko prosessiin lis\u00e4arvoa, ja se onkin yksi meid\u00e4n p\u00e4\u00e4tavoite. Iso asiakkaat pelk\u00e4\u00e4v\u00e4t kirjanpitopalvelun ulkoistamista usein juuri sen takia, ett\u00e4 heill\u00e4 ei ole silloin mahdollisuutta kirjanpitotietoihin tutustumiseen min\u00e4 hetken\u00e4 hyv\u00e4ns\u00e4, mutta internetin kautta toimiva ratkaisu poistaa senkin huolen. J\u00e4rjestelm\u00e4n\u00e4 on p\u00e4\u00e4asiallisesti k\u00e4ytetty HansaRaama-talousohjelmistoa Directon tukeman.<\/p>\n<p style=\"text-align: justify;\"><strong>Hinnat<\/strong><\/p>\n<p style=\"text-align: justify;\">Palvelujen hinnat jakautuvat suurin piirtein kahteen osaan &#8211; s\u00e4\u00e4nn\u00f6llinen palvelu sek\u00e4 kertaluonteiset toimeksiannot. S\u00e4\u00e4nn\u00f6llisen palvelun hinta riippuu yrityksen kirjanpidon laajuudesta eli k\u00e4sitelt\u00e4vien asiakirjojen m\u00e4\u00e4r\u00e4st\u00e4. Kertaluonteisten toimeksiantojen kohdalla sovitaan hinnasta tapauskohtaisesti erikseen.<\/p>\n<p style=\"text-align: justify;\">Seuraavassa tarkempia tietoja hintojen m\u00e4\u00e4rittelyst\u00e4:<\/p>\n<p style=\"text-align: justify;\">S\u00e4\u00e4nn\u00f6llinen palvelu<\/p>\n<p style=\"text-align: justify;\">Aloitusmaksu<\/p>\n<p style=\"text-align: justify;\">Sis\u00e4lt\u00e4\u00e4: Asiakkaan alustavan neuvonnan, h\u00e4nen tilisuunnitelman ja kirjanpidon yrityksen sis\u00e4isten s\u00e4\u00e4nt\u00f6jen laatimisen\/tarkentamisen, Asiakkaan kirjanpito-ohjelmiston alustavien asetusten tekemisen, aloitustilanteen l\u00e4ht\u00f6saldotietojen sy\u00f6tt\u00e4misen ym. kertaluonteiset aloitustoimet.<\/p>\n<p style=\"text-align: justify;\">Perushinta &#8211; kuukausimaksu<\/p>\n<p style=\"text-align: justify;\">Sis\u00e4lt\u00e4\u00e4: s\u00e4\u00e4nn\u00f6llisen kirjanpidon sopimuksen mukaisen j\u00e4rjest\u00e4misen. Kuukausimaksu sis\u00e4lt\u00e4\u00e4 lyhyesti sanottuna s\u00e4\u00e4nn\u00f6llisen ja hyv\u00e4\u00e4 kirjanpitotapaa noudattavan kirjanpidon j\u00e4rjest\u00e4misen, kuukausittaisten ilmoitusten laatimisen ja niiden toimittamisen (arvonlis\u00e4veroilmoitus, vero\/sosiaaliturvaverojen ilmoitus) sek\u00e4 vakioraporttien laatimisen (tuloslaskelma sek\u00e4 tase).<\/p>\n<p style=\"text-align: justify;\">Tilinp\u00e4\u00e4t\u00f6ksen laatiminen<\/p>\n<p style=\"text-align: justify;\">Sis\u00e4lt\u00e4\u00e4 kirjanpidon tilinp\u00e4\u00e4t\u00f6ksen laatimisen. T\u00e4st\u00e4 perit\u00e4\u00e4n vuosittain kertamaksu ja sen m\u00e4\u00e4r\u00e4 vastaa palvelusta peritt\u00e4v\u00e4n kuukausimaksun m\u00e4\u00e4r\u00e4\u00e4.<\/p>\n<p style=\"text-align: justify;\">Erityispalvelut<\/p>\n<p style=\"text-align: justify;\">Sis\u00e4lt\u00e4\u00e4 Asiakkaan erikseen tilaamista t\u00f6ist\u00e4 ja palveluista peritt\u00e4v\u00e4n maksun. Erityispalveluista maksetaan erillisen sopimuksen mukaan ajanjakson p\u00e4\u00e4ttyess\u00e4 tai teht\u00e4v\u00e4n hoitamisen j\u00e4lkeen. Asiakkaan nimiss\u00e4 maksetut kulut korvataan Toimeksiannon saajan toimittamien laskujen nojalla. Maksun laskemisessa l\u00e4hdet\u00e4\u00e4n: &#8211; ratkaistavien ongelmien vaikeusasteesta, &#8211; teht\u00e4v\u00e4n hoitamiseen osallistuvien henkil\u00f6iden tietotaidon\/kokemuksen tasosta, ty\u00f6h\u00f6n liittyv\u00e4n vastuun laajuudesta, Toimeksiannon saajan ty\u00f6ntekij\u00f6iden ty\u00f6teht\u00e4v\u00e4n hoitamiseen k\u00e4ytt\u00e4m\u00e4st\u00e4\u00e4n ajasta. Erityispalveluihin lukeutuvat my\u00f6s Tilastolaitoksen ja Viron Pankin raporttien laatiminen ja toimittaminen asiakkaan kanssa tehdyn erillisen sopimuksen mukaisesti.<\/p>\n<p style=\"text-align: justify;\"><strong>Vaivattomuus<\/strong><\/p>\n<p style=\"text-align: justify;\">&nbsp;<\/p>\n<p style=\"text-align: justify;\">Haemme, jos siit\u00e4 sovitaan, kirjanpitoasiakirjat itse asiakkaan luota. Tapaamiset asiakkaan kanssa j\u00e4rjestet\u00e4\u00e4n yleens\u00e4 1-2 kertaa kuukaudessa ja noin viikkoa ennen veroilmoitusten j\u00e4tt\u00e4misen m\u00e4\u00e4r\u00e4aikoja.<\/p>\n","protected":false},"excerpt":{"rendered":"<p>Kirjanpitopalvelut pienille ja toimintansa aloittaville yrityksille Perinteinen palvelu on tarkoitettu ensisijaisesti pienemmille yrityksille, joiden kirjanpidon j\u00e4rjest\u00e4minen vaatii v\u00e4hemm\u00e4n kuin yhden kirjanpit\u00e4j\u00e4n ty\u00f6panoksen ja palvelun avulla saadaan n\u00e4in merkitt\u00e4v\u00e4\u00e4 s\u00e4\u00e4st\u00f6\u00e4. Kirjanpito hoidetaan yleens\u00e4 palvelun tarjoavassa yrityksess\u00e4. Yritys kokoaa tietyn aikav\u00e4lin kirjanpitoasiakirjat ja toimittaa ne Kirjanpit\u00e4j\u00e4lle. Kirjanpit\u00e4j\u00e4 k\u00e4sittelee saamansa asiakirjat ja laatii Asiakkaan kanssa sovitun mukaisesti sen [&hellip;]<\/p>\n","protected":false},"author":3,"featured_media":0,"parent":0,"menu_order":2,"comment_status":"closed","ping_status":"closed","template":"contactPage.php","meta":{"footnotes":""},"class_list":["post-1614","page","type-page","status-publish","hentry"],"_links":{"self":[{"href":"https:\/\/revalhansa.ee\/fi\/wp-json\/wp\/v2\/pages\/1614","targetHints":{"allow":["GET"]}}],"collection":[{"href":"https:\/\/revalhansa.ee\/fi\/wp-json\/wp\/v2\/pages"}],"about":[{"href":"https:\/\/revalhansa.ee\/fi\/wp-json\/wp\/v2\/types\/page"}],"author":[{"embeddable":true,"href":"https:\/\/revalhansa.ee\/fi\/wp-json\/wp\/v2\/users\/3"}],"replies":[{"embeddable":true,"href":"https:\/\/revalhansa.ee\/fi\/wp-json\/wp\/v2\/comments?post=1614"}],"version-history":[{"count":3,"href":"https:\/\/revalhansa.ee\/fi\/wp-json\/wp\/v2\/pages\/1614\/revisions"}],"predecessor-version":[{"id":2070,"href":"https:\/\/revalhansa.ee\/fi\/wp-json\/wp\/v2\/pages\/1614\/revisions\/2070"}],"wp:attachment":[{"href":"https:\/\/revalhansa.ee\/fi\/wp-json\/wp\/v2\/media?parent=1614"}],"curies":[{"name":"wp","href":"https:\/\/api.w.org\/{rel}","templated":true}]}}