{"id":1609,"date":"2010-12-23T21:00:20","date_gmt":"2010-12-23T19:00:20","guid":{"rendered":"http:\/\/revalhansa.ee\/meidan-firmasta\/tule-meille-toihin\/"},"modified":"2011-07-13T23:38:36","modified_gmt":"2011-07-13T20:38:36","slug":"tule-meille-toihin","status":"publish","type":"page","link":"https:\/\/revalhansa.ee\/fi\/meidan-firmasta\/tule-meille-toihin\/","title":{"rendered":"Tule meille t\u00f6ihin!"},"content":{"rendered":"<h1 style=\"text-align: justify;\"><strong>Tule meille t\u00f6ihin!<\/strong><\/h1>\n<p style=\"text-align: justify;\">Meid\u00e4n pienyrityksemme tarjoaa henkil\u00f6kunnalleen yst\u00e4v\u00e4llisen ja vakaan ty\u00f6ymp\u00e4rist\u00f6n.<\/p>\n<p style=\"text-align: justify;\">Meill\u00e4 ei ole t\u00e4ll\u00e4 hetkell\u00e4 avoimia paikkoja, mutta voit silti l\u00e4hett\u00e4\u00e4 meille oman CV:si, tallennamme tietosi tietokantaamme ja ilmoitamme avoimista paikoista ja annamme ohjeita paikan hakemiseen. Voit my\u00f6s l\u00e4hett\u00e4\u00e4 meille omia ehdotuksia erilaisista yhteisty\u00f6muodoista, mm. osa-aikaisesta ty\u00f6st\u00e4, alihankkijana toimimisesta ym. vaihtoehdoista.<\/p>\n<p style=\"text-align: justify;\">Haemme ensisijaisesti kirjanpidon tai talousalan koulutuksen (opinnot voivat olla viel\u00e4 kesken) hankkineita henkil\u00f6it\u00e4, jotka ovat luonteeltaan vastuuntuntoisia, t\u00e4sm\u00e4llisyytt\u00e4 arvostavia, tuloshakuisia ja haluavat toimia kirjanpidon, rahoituspalvelujen tai muiden liikepalvelujen tarjoamisen parissa.<\/p>\n<p style=\"text-align: justify;\">CV:n tai kysymykset voi l\u00e4hett\u00e4\u00e4 osoitteeseen personal[at]revalhansa.ee tai soittaa meille numeroon: +372 6 270 760.<\/p>\n<p style=\"text-align: justify;\">T\u00e4ll\u00e4 sivulla kerromme my\u00f6s meneill\u00e4\u00e4n olevista hakukilpailuista.<\/p>\n","protected":false},"excerpt":{"rendered":"<p>Tule meille t\u00f6ihin! Meid\u00e4n pienyrityksemme tarjoaa henkil\u00f6kunnalleen yst\u00e4v\u00e4llisen ja vakaan ty\u00f6ymp\u00e4rist\u00f6n. Meill\u00e4 ei ole t\u00e4ll\u00e4 hetkell\u00e4 avoimia paikkoja, mutta voit silti l\u00e4hett\u00e4\u00e4 meille oman CV:si, tallennamme tietosi tietokantaamme ja ilmoitamme avoimista paikoista ja annamme ohjeita paikan hakemiseen. Voit my\u00f6s l\u00e4hett\u00e4\u00e4 meille omia ehdotuksia erilaisista yhteisty\u00f6muodoista, mm. osa-aikaisesta ty\u00f6st\u00e4, alihankkijana toimimisesta ym. vaihtoehdoista. Haemme ensisijaisesti kirjanpidon [&hellip;]<\/p>\n","protected":false},"author":3,"featured_media":0,"parent":486,"menu_order":4,"comment_status":"closed","ping_status":"closed","template":"","meta":{"footnotes":""},"class_list":["post-1609","page","type-page","status-publish","hentry"],"_links":{"self":[{"href":"https:\/\/revalhansa.ee\/fi\/wp-json\/wp\/v2\/pages\/1609","targetHints":{"allow":["GET"]}}],"collection":[{"href":"https:\/\/revalhansa.ee\/fi\/wp-json\/wp\/v2\/pages"}],"about":[{"href":"https:\/\/revalhansa.ee\/fi\/wp-json\/wp\/v2\/types\/page"}],"author":[{"embeddable":true,"href":"https:\/\/revalhansa.ee\/fi\/wp-json\/wp\/v2\/users\/3"}],"replies":[{"embeddable":true,"href":"https:\/\/revalhansa.ee\/fi\/wp-json\/wp\/v2\/comments?post=1609"}],"version-history":[{"count":2,"href":"https:\/\/revalhansa.ee\/fi\/wp-json\/wp\/v2\/pages\/1609\/revisions"}],"predecessor-version":[{"id":1978,"href":"https:\/\/revalhansa.ee\/fi\/wp-json\/wp\/v2\/pages\/1609\/revisions\/1978"}],"up":[{"embeddable":true,"href":"https:\/\/revalhansa.ee\/fi\/wp-json\/wp\/v2\/pages\/486"}],"wp:attachment":[{"href":"https:\/\/revalhansa.ee\/fi\/wp-json\/wp\/v2\/media?parent=1609"}],"curies":[{"name":"wp","href":"https:\/\/api.w.org\/{rel}","templated":true}]}}