{"id":2450,"date":"2014-07-28T17:00:31","date_gmt":"2014-07-28T14:00:31","guid":{"rendered":"http:\/\/revalhansa.ee\/?page_id=2450"},"modified":"2014-07-29T10:38:29","modified_gmt":"2014-07-29T07:38:29","slug":"inquiry-general","status":"publish","type":"page","link":"https:\/\/revalhansa.ee\/en\/inquiry-general\/","title":{"rendered":"Inquiry &#8211; General"},"content":{"rendered":"<h1><b>Make your businesslife easier and focus on your main activities!<\/b><\/h1>\n<p>I&#8217;ll send my contact details and wish to be contacted!<\/p>\n<p>In case you wish to send us also a bit more detailed info about your company, the possibility opens in a new window after sending the contact details.\u00a0 In that case we&#8217;ll be able to draft a personalized solution just for your company together with a personalized offer !<\/p>\n\n\t\t<form enctype=\"multipart\/form-data\" action=\"\/en\/wp-json\/wp\/v2\/pages\/2450#usermessage\" method=\"post\" class=\"cform\" id=\"cformsform\">\n\t\t<fieldset class=\"cf-fs1\">\n\t\t<legend>K\u00fcsi meilt pakkumist<\/legend>\n\t\t<ol class=\"cf-ol\">\n\t\t\t<li class=\"\"><label for=\"cf_field_2\"><span>Nimi :<\/span><\/label><input type=\"text\" name=\"cf_field_2\" id=\"cf_field_2\" class=\"single fldrequired\" value=\"Ees ja perekonnanimi\" onfocus=\"clearField(this)\" onblur=\"setField(this)\"\/><span class=\"reqtxt\"><\/span><\/li>\n\t\t\t<li class=\"\"><label for=\"cf_field_3\"><span>Ettev\u00f5tte nimi :<\/span><\/label><input type=\"text\" name=\"cf_field_3\" id=\"cf_field_3\" class=\"single fldrequired\" value=\"Firma nimi\" onfocus=\"clearField(this)\" onblur=\"setField(this)\"\/><span class=\"reqtxt\"><\/span><\/li>\n\t\t\t<li class=\"\"><label for=\"cf_field_4\"><span>Email :<\/span><\/label><input type=\"text\" name=\"cf_field_4\" id=\"cf_field_4\" class=\"single fldemail fldrequired\" value=\"\"\/><span class=\"emailreqtxt\"><\/span><\/li>\n\t\t\t<li class=\"\"><label for=\"cf_field_5\"><span>Telefon :<\/span><\/label><input type=\"text\" name=\"cf_field_5\" id=\"cf_field_5\" class=\"single fldrequired\" value=\"+372\"\/><span class=\"reqtxt\"><\/span><\/li>\n\t\t\t<li class=\"\"><label for=\"cf_field_6\"><span>Keskmine igakuiste m\u00fc\u00fcgiarvete arv \u00fches kuus :<\/span><\/label><select name=\"cf_field_6\" id=\"cf_field_6\" class=\"cformselect\" >\n\t\t\t\t<option value=\"Kuni 5\">Kuni 5<\/option>\n\t\t\t\t<option value=\"5-20\">5-20<\/option>\n\t\t\t\t<option value=\"21-50\">21-50<\/option>\n\t\t\t\t<option value=\"\u00dcle 50\">\u00dcle 50<\/option>\n\t\t\t\t<option value=\" :\"> :<\/option>\n\t\t\t<\/select><\/li>\n\t\t\t<li class=\"\"><label for=\"cf_field_7\"><span>Keskmine kuludokumentide arv \u00fches kuus :<\/span><\/label><select name=\"cf_field_7\" id=\"cf_field_7\" class=\"cformselect\" >\n\t\t\t\t<option value=\"Kuni 5\">Kuni 5<\/option>\n\t\t\t\t<option value=\"5-20\">5-20<\/option>\n\t\t\t\t<option value=\"21-50\">21-50<\/option>\n\t\t\t\t<option value=\"\u00dcle 50\">\u00dcle 50<\/option>\n\t\t\t<\/select><\/li>\n\t\t\t<li class=\"\"><label for=\"cf_field_8\"><span>Mitmele inimesele arvestatakse palka? :<\/span><\/label><input type=\"text\" name=\"cf_field_8\" id=\"cf_field_8\" class=\"single\" value=\"Sisesta t\u00f6\u00f6tajate arv\" onfocus=\"clearField(this)\" onblur=\"setField(this)\"\/><\/li>\n\t\t\t<li class=\"\"><label for=\"cf_field_9\"><span>Mitu nimetust on p\u00f5hivara :<\/span><\/label><input type=\"text\" name=\"cf_field_9\" id=\"cf_field_9\" class=\"single\" value=\"Sisesta p\u00f5hivara hulk\" onfocus=\"clearField(this)\" onblur=\"setField(this)\"\/><\/li>\n\t\t\t<li class=\"\"><label for=\"cf_field_10\"><span>Kuidas leidsid Revalhansa :<\/span><\/label><input type=\"text\" name=\"cf_field_10\" id=\"cf_field_10\" class=\"single\" value=\"Sisesta kuidas meid leidsite - Google,Neti,muu otsimootor,soovitati jms\" onfocus=\"clearField(this)\" onblur=\"setField(this)\"\/><\/li>\n\t\t\t<li class=\"\"><label for=\"cf_field_11\"><span>T\u00e4iendav info :<\/span><\/label><textarea cols=\"30\" rows=\"8\" name=\"cf_field_11\" id=\"cf_field_11\" class=\"area\"><\/textarea><\/li>\n\t\t<\/ol>\n\t\t<\/fieldset>\n\t\t<fieldset class=\"cf_hidden\">\n\t\t\t<legend>&nbsp;<\/legend>\n\t\t\t<input type=\"hidden\" name=\"cf_working\" id=\"cf_working\" value=\"\"\/>\n\t\t\t<input type=\"hidden\" name=\"cf_failure\" id=\"cf_failure\" value=\"\"\/>\n\t\t\t<input type=\"hidden\" name=\"cf_codeerr\" id=\"cf_codeerr\" value=\"Please%20double-check%20your%20verification%20code.\"\/>\n\t\t\t<input type=\"hidden\" name=\"cf_customerr\" id=\"cf_customerr\" value=\"nnn\"\/>\n\t\t\t<input type=\"hidden\" name=\"cf_popup\" id=\"cf_popup\" value=\"nn\"\/>\n\t\t<\/fieldset>\n\t\t<p class=\"cf-sb\"><input type=\"submit\" name=\"sendbutton\" id=\"sendbutton\" class=\"sendbutton\" value=\"\"\/><\/p>\n\t\t<\/form>\n\t\t<p class=\"linklove\" id=\"ll\"><a href=\"http:\/\/www.deliciousdays.com\/cforms-plugin\"><em>cforms<\/em> contact form by delicious:days<\/a><\/p>\n<p><small>You can send additional information after sending us the contact details.<br \/>\n<\/small><\/p>\n","protected":false},"excerpt":{"rendered":"<p>Make your businesslife easier and focus on your main activities! I&#8217;ll send my contact details and wish to be contacted! In case you wish to send us also a bit more detailed info about your company, the possibility opens in a new window after sending the contact details.\u00a0 In that case we&#8217;ll be able to [&hellip;]<\/p>\n","protected":false},"author":3,"featured_media":0,"parent":0,"menu_order":0,"comment_status":"open","ping_status":"closed","template":"","meta":{"footnotes":""},"class_list":["post-2450","page","type-page","status-publish","hentry"],"_links":{"self":[{"href":"https:\/\/revalhansa.ee\/en\/wp-json\/wp\/v2\/pages\/2450","targetHints":{"allow":["GET"]}}],"collection":[{"href":"https:\/\/revalhansa.ee\/en\/wp-json\/wp\/v2\/pages"}],"about":[{"href":"https:\/\/revalhansa.ee\/en\/wp-json\/wp\/v2\/types\/page"}],"author":[{"embeddable":true,"href":"https:\/\/revalhansa.ee\/en\/wp-json\/wp\/v2\/users\/3"}],"replies":[{"embeddable":true,"href":"https:\/\/revalhansa.ee\/en\/wp-json\/wp\/v2\/comments?post=2450"}],"version-history":[{"count":3,"href":"https:\/\/revalhansa.ee\/en\/wp-json\/wp\/v2\/pages\/2450\/revisions"}],"predecessor-version":[{"id":2462,"href":"https:\/\/revalhansa.ee\/en\/wp-json\/wp\/v2\/pages\/2450\/revisions\/2462"}],"wp:attachment":[{"href":"https:\/\/revalhansa.ee\/en\/wp-json\/wp\/v2\/media?parent=2450"}],"curies":[{"name":"wp","href":"https:\/\/api.w.org\/{rel}","templated":true}]}}